{"id":891,"date":"2023-12-22T14:35:27","date_gmt":"2023-12-22T12:35:27","guid":{"rendered":"https:\/\/alchimiaglass.ch\/?post_type=product&#038;p=891"},"modified":"2023-12-24T18:54:59","modified_gmt":"2023-12-24T16:54:59","slug":"graines-dopaline","status":"publish","type":"product","link":"https:\/\/alchimiaglass.ch\/en\/product\/graines-dopaline\/","title":{"rendered":"Graines d&rsquo;Opaline"},"content":{"rendered":"<p>La blancheur laiteuse et translucide de cette pi\u00e8ce vient des verres opalins qui diffusent une douce luminescence. La trame v\u00e9g\u00e9tale, toute en rondeurs, cloisonne des cabochons de verre opalins aux reflets bleut\u00e9s qui deviennent orange lorsqu&rsquo;ils sont travers\u00e9s par la lumi\u00e8re.<br \/>\nAu centre, une bo\u00eete en verre permet d\u2019y d\u00e9poser un mot, une pens\u00e9e ou un petit tr\u00e9sor. \u00ab\u00a0Graines d\u2019Opaline\u00a0\u00bb met en lumi\u00e8re nos intentions dans un cadre de verre pr\u00e9cieux et protecteur. C\u2019est une pi\u00e8ce d\u00e9di\u00e9e \u00e0 la simplicit\u00e9, \u00e0 la douceur et \u00e0 la lumi\u00e8re int\u00e9rieure.<\/p>\n<p>The etymology of the word <em>opaline<\/em> is derived from the word <em>opale<\/em>, which finds its source in Sanskrit <em>upala<\/em>, meaning <em>pierre pr\u00e9cieuse<\/em>. Le verre opalin est apparu \u00e0 Venise au XVIe si\u00e8cle. L\u2019ajout d\u2019oxyde d\u2019\u00e9tain ou d\u2019os calcin\u00e9 lui conf\u00e8rent des teintes vari\u00e9es allant jusqu\u2019au rose violac\u00e9 avec des sels d&rsquo;or.<\/p>\n<p>&nbsp;<\/p>\n<p>Technique: Opaline glass, cabochons, glass box, grisaille, copper-tin caming, fir wood<\/p>\n<p>Dimensions: 8.9 x 8.9 inches<\/p>","protected":false},"excerpt":{"rendered":"<p>La blancheur laiteuse et translucide de cette pi\u00e8ce vient des verres opalins qui diffusent une douce luminescence. La trame v\u00e9g\u00e9tale, toute en rondeurs, cloisonne des cabochons de verre opalins aux reflets bleut\u00e9s qui deviennent orange lorsqu&rsquo;ils sont travers\u00e9s par la lumi\u00e8re. Au centre, une bo\u00eete en verre permet d\u2019y d\u00e9poser un mot, une pens\u00e9e ou&hellip; <a class=\"more-link\" href=\"https:\/\/alchimiaglass.ch\/en\/product\/graines-dopaline\/\">Continue reading <span class=\"screen-reader-text\">Graines d&rsquo;Opaline<\/span><\/a><\/p>","protected":false},"featured_media":897,"template":"","meta":[],"product_brand":[],"product_cat":[24],"product_tag":[],"class_list":{"0":"post-891","1":"product","2":"type-product","3":"status-publish","4":"has-post-thumbnail","6":"product_cat-vitrail","7":"entry","9":"first","10":"outofstock","11":"sold-individually","12":"shipping-taxable","13":"product-type-simple"},"_links":{"self":[{"href":"https:\/\/alchimiaglass.ch\/en\/wp-json\/wp\/v2\/product\/891","targetHints":{"allow":["GET"]}}],"collection":[{"href":"https:\/\/alchimiaglass.ch\/en\/wp-json\/wp\/v2\/product"}],"about":[{"href":"https:\/\/alchimiaglass.ch\/en\/wp-json\/wp\/v2\/types\/product"}],"wp:featuredmedia":[{"embeddable":true,"href":"https:\/\/alchimiaglass.ch\/en\/wp-json\/wp\/v2\/media\/897"}],"wp:attachment":[{"href":"https:\/\/alchimiaglass.ch\/en\/wp-json\/wp\/v2\/media?parent=891"}],"wp:term":[{"taxonomy":"product_brand","embeddable":true,"href":"https:\/\/alchimiaglass.ch\/en\/wp-json\/wp\/v2\/product_brand?post=891"},{"taxonomy":"product_cat","embeddable":true,"href":"https:\/\/alchimiaglass.ch\/en\/wp-json\/wp\/v2\/product_cat?post=891"},{"taxonomy":"product_tag","embeddable":true,"href":"https:\/\/alchimiaglass.ch\/en\/wp-json\/wp\/v2\/product_tag?post=891"}],"curies":[{"name":"wp","href":"https:\/\/api.w.org\/{rel}","templated":true}]}}