{"id":841,"date":"2023-06-21T18:00:03","date_gmt":"2023-06-21T17:00:03","guid":{"rendered":"https:\/\/alchimiaglass.ch\/?post_type=product&#038;p=841"},"modified":"2023-06-27T21:35:34","modified_gmt":"2023-06-27T19:35:34","slug":"nid-vegetal","status":"publish","type":"product","link":"https:\/\/alchimiaglass.ch\/en\/product\/nid-vegetal\/","title":{"rendered":"Vegetal Nest"},"content":{"rendered":"<p>Log\u00e9 au creux du bois, un nid v\u00e9g\u00e9tal compos\u00e9 de foug\u00e8re, de feuilles de bouleau et de petites fleurs d&rsquo;asp\u00e9rule odorante qui bordent nos sentiers. Elle repr\u00e9sente\u00a0la luxuriance d&rsquo;une nature d&rsquo;\u00e9t\u00e9 \u00e0 son apog\u00e9e.<\/p>\n<p>Au coeur de cette galaxie v\u00e9g\u00e9tale se loge une am\u00e9trine, combinaison naturelle d&rsquo;am\u00e9thyste et de citrine. Taill\u00e9 en cabochon, cet \u0153il de pierre est le gardien des tr\u00e9sors cach\u00e9s. En lithoth\u00e9rapie, elle apaiserait les \u00e9motions et les chocs \u00e9motionnels. L\u2019am\u00e9trine favoriserait la cr\u00e9ativit\u00e9 et l\u2019imagination, la m\u00e9ditation ainsi qu\u2019une bonne acuit\u00e9 intellectuelle. C\u2019est une pierre qui soutiendrait l\u2019\u00e9l\u00e9vation de l\u2019\u00e2me.<\/p>\n<p>The stained glass is set within a wooden frame sourced from an old farmhouse in the Gruy\u00e8re region. Its irregularities, its surface weathered by time, contrast with the sumptuousness of the coloring of the mouth-blown antique glasses.<\/p>\n<p>&nbsp;<\/p>\n<p>Technique: verre antique, grisaille, cabochon d&rsquo;am\u00e9trine de chez <em>Quartz Rose<\/em> \u00e0 Fribourg, \u00e9tain<\/p>\n<p>Dimensions: 8.1 x 8.3 inches<\/p>","protected":false},"excerpt":{"rendered":"<p>Log\u00e9 au creux du bois, un nid v\u00e9g\u00e9tal compos\u00e9 de foug\u00e8re, de feuilles de bouleau et de petites fleurs d&rsquo;asp\u00e9rule odorante qui bordent nos sentiers. Elle repr\u00e9sente\u00a0la luxuriance d&rsquo;une nature d&rsquo;\u00e9t\u00e9 \u00e0 son apog\u00e9e. Au coeur de cette galaxie v\u00e9g\u00e9tale se loge une am\u00e9trine, combinaison naturelle d&rsquo;am\u00e9thyste et de citrine. Taill\u00e9 en cabochon, cet \u0153il&hellip; <a class=\"more-link\" href=\"https:\/\/alchimiaglass.ch\/en\/product\/nid-vegetal\/\">Continue reading <span class=\"screen-reader-text\">Vegetal Nest<\/span><\/a><\/p>","protected":false},"featured_media":851,"template":"","meta":[],"product_brand":[],"product_cat":[24],"product_tag":[],"class_list":{"0":"post-841","1":"product","2":"type-product","3":"status-publish","4":"has-post-thumbnail","6":"product_cat-vitrail","7":"entry","9":"first","10":"outofstock","11":"sold-individually","12":"shipping-taxable","13":"product-type-simple"},"_links":{"self":[{"href":"https:\/\/alchimiaglass.ch\/en\/wp-json\/wp\/v2\/product\/841","targetHints":{"allow":["GET"]}}],"collection":[{"href":"https:\/\/alchimiaglass.ch\/en\/wp-json\/wp\/v2\/product"}],"about":[{"href":"https:\/\/alchimiaglass.ch\/en\/wp-json\/wp\/v2\/types\/product"}],"wp:featuredmedia":[{"embeddable":true,"href":"https:\/\/alchimiaglass.ch\/en\/wp-json\/wp\/v2\/media\/851"}],"wp:attachment":[{"href":"https:\/\/alchimiaglass.ch\/en\/wp-json\/wp\/v2\/media?parent=841"}],"wp:term":[{"taxonomy":"product_brand","embeddable":true,"href":"https:\/\/alchimiaglass.ch\/en\/wp-json\/wp\/v2\/product_brand?post=841"},{"taxonomy":"product_cat","embeddable":true,"href":"https:\/\/alchimiaglass.ch\/en\/wp-json\/wp\/v2\/product_cat?post=841"},{"taxonomy":"product_tag","embeddable":true,"href":"https:\/\/alchimiaglass.ch\/en\/wp-json\/wp\/v2\/product_tag?post=841"}],"curies":[{"name":"wp","href":"https:\/\/api.w.org\/{rel}","templated":true}]}}