{"id":832,"date":"2023-05-25T10:20:19","date_gmt":"2023-05-25T09:20:19","guid":{"rendered":"https:\/\/alchimiaglass.ch\/?post_type=product&#038;p=832"},"modified":"2023-05-30T16:51:27","modified_gmt":"2023-05-30T15:51:27","slug":"iridescence","status":"publish","type":"product","link":"https:\/\/alchimiaglass.ch\/en\/product\/iridescence\/","title":{"rendered":"Iridescence"},"content":{"rendered":"<p>Angelicas in Moonlight<\/p>\n<p>L&rsquo;ang\u00e9lique archang\u00e9lique, aussi connue sous le nom d&rsquo;ang\u00e9lique officinale, est une plante v\u00e9n\u00e9r\u00e9e pour sa puissante symbolique et ses bienfaits suppos\u00e9s. Enracin\u00e9e dans les croyances populaires, elle incarne la protection spirituelle, repoussant les \u00e9nergies n\u00e9gatives tout en invitant les influences positives. Ses feuilles et racines ont longtemps \u00e9t\u00e9 utilis\u00e9es dans la m\u00e9decine traditionnelle pour apaiser les maux digestifs et fortifier le corps. L&rsquo;ang\u00e9lique archang\u00e9lique \u00e9voque \u00e9galement une connexion sacr\u00e9e avec le divin, facilitant la communication avec les forces sup\u00e9rieures lors de pratiques spirituelles. Avec son nom \u00e9vocateur, elle se dresse majestueusement, rappelant la pr\u00e9sence des anges et des archanges d&rsquo;o\u00f9 sa d\u00e9nomination \u00ab\u00a0herbe des anges\u00a0\u00bb.<\/p>\n<p>Technique: verre opalin blanc, grisaille, galet de verre d&rsquo;opaline, sertissage cuivre et \u00e9tain<\/p>\n<p>Dimensions: Approximately 3.5 x 8.3 inches<\/p>\n<p>&nbsp;<\/p>\n<p>&nbsp;<\/p>","protected":false},"excerpt":{"rendered":"<p>Ang\u00e9liques au clair de lune L&rsquo;ang\u00e9lique archang\u00e9lique, aussi connue sous le nom d&rsquo;ang\u00e9lique officinale, est une plante v\u00e9n\u00e9r\u00e9e pour sa puissante symbolique et ses bienfaits suppos\u00e9s. Enracin\u00e9e dans les croyances populaires, elle incarne la protection spirituelle, repoussant les \u00e9nergies n\u00e9gatives tout en invitant les influences positives. Ses feuilles et racines ont longtemps \u00e9t\u00e9 utilis\u00e9es dans&hellip; <a class=\"more-link\" href=\"https:\/\/alchimiaglass.ch\/en\/product\/iridescence\/\">Continue reading <span class=\"screen-reader-text\">Iridescence<\/span><\/a><\/p>","protected":false},"featured_media":833,"template":"","meta":[],"product_brand":[],"product_cat":[24],"product_tag":[],"class_list":{"0":"post-832","1":"product","2":"type-product","3":"status-publish","4":"has-post-thumbnail","6":"product_cat-vitrail","7":"entry","9":"first","10":"outofstock","11":"sold-individually","12":"shipping-taxable","13":"product-type-simple"},"_links":{"self":[{"href":"https:\/\/alchimiaglass.ch\/en\/wp-json\/wp\/v2\/product\/832","targetHints":{"allow":["GET"]}}],"collection":[{"href":"https:\/\/alchimiaglass.ch\/en\/wp-json\/wp\/v2\/product"}],"about":[{"href":"https:\/\/alchimiaglass.ch\/en\/wp-json\/wp\/v2\/types\/product"}],"wp:featuredmedia":[{"embeddable":true,"href":"https:\/\/alchimiaglass.ch\/en\/wp-json\/wp\/v2\/media\/833"}],"wp:attachment":[{"href":"https:\/\/alchimiaglass.ch\/en\/wp-json\/wp\/v2\/media?parent=832"}],"wp:term":[{"taxonomy":"product_brand","embeddable":true,"href":"https:\/\/alchimiaglass.ch\/en\/wp-json\/wp\/v2\/product_brand?post=832"},{"taxonomy":"product_cat","embeddable":true,"href":"https:\/\/alchimiaglass.ch\/en\/wp-json\/wp\/v2\/product_cat?post=832"},{"taxonomy":"product_tag","embeddable":true,"href":"https:\/\/alchimiaglass.ch\/en\/wp-json\/wp\/v2\/product_tag?post=832"}],"curies":[{"name":"wp","href":"https:\/\/api.w.org\/{rel}","templated":true}]}}