{"id":820,"date":"2023-04-01T18:49:16","date_gmt":"2023-04-01T17:49:16","guid":{"rendered":"https:\/\/alchimiaglass.ch\/?post_type=product&#038;p=820"},"modified":"2024-02-25T12:42:24","modified_gmt":"2024-02-25T10:42:24","slug":"fluorinae-luminis","status":"publish","type":"product","link":"https:\/\/alchimiaglass.ch\/en\/product\/fluorinae-luminis\/","title":{"rendered":"Fluorinae Luminis"},"content":{"rendered":"<p>Fluorinae Luminis s&rsquo;inspire de l&rsquo;orf\u00e8vrerie m\u00e9di\u00e9vale, des coffrets d&rsquo;or et d&rsquo;argent incrust\u00e9s de pierreries. Cette cr\u00e9ation marie l&rsquo;arrondi des cabochons de verre \u00e0 la robustesse de l&rsquo;\u00e9tain. C&rsquo;est un hommage \u00e0 la richesse des tr\u00e9sors de la terre tout en c\u00e9l\u00e9brant l&rsquo;\u00e9l\u00e9gance et la finesse des ch\u00e2sses m\u00e9di\u00e9vales.<\/p>\n<p>En lithoth\u00e9rapie, la fluorite arc-en-ciel est r\u00e9put\u00e9e pour clarifier l&rsquo;esprit et favoriser la m\u00e9ditation avec une \u00e9nergie de centrage qui aide \u00e0 se stabiliser et \u00e0 \u00e9loigner les pens\u00e9es n\u00e9gatives.<\/p>\n<p>&nbsp;<\/p>\n<p>Dimensions: Approximately 6.1 x 7.5 inches<\/p>\n<p class=\"translation-block\">Technique: Fused glass (cabochons), rainbow fluorite, tin, beech wood<\/p>","protected":false},"excerpt":{"rendered":"<p>Fluorinae Luminis s&rsquo;inspire de l&rsquo;orf\u00e8vrerie m\u00e9di\u00e9vale, des coffrets d&rsquo;or et d&rsquo;argent incrust\u00e9s de pierreries. Cette cr\u00e9ation marie l&rsquo;arrondi des cabochons de verre \u00e0 la robustesse de l&rsquo;\u00e9tain. C&rsquo;est un hommage \u00e0 la richesse des tr\u00e9sors de la terre tout en c\u00e9l\u00e9brant l&rsquo;\u00e9l\u00e9gance et la finesse des ch\u00e2sses m\u00e9di\u00e9vales. En lithoth\u00e9rapie, la fluorite arc-en-ciel est r\u00e9put\u00e9e&hellip; <a class=\"more-link\" href=\"https:\/\/alchimiaglass.ch\/en\/product\/fluorinae-luminis\/\">Continue reading <span class=\"screen-reader-text\">Fluorinae Luminis<\/span><\/a><\/p>","protected":false},"featured_media":823,"template":"","meta":[],"product_brand":[],"product_cat":[24],"product_tag":[],"class_list":{"0":"post-820","1":"product","2":"type-product","3":"status-publish","4":"has-post-thumbnail","6":"product_cat-vitrail","7":"entry","9":"first","10":"outofstock","11":"sold-individually","12":"shipping-taxable","13":"product-type-simple"},"_links":{"self":[{"href":"https:\/\/alchimiaglass.ch\/en\/wp-json\/wp\/v2\/product\/820","targetHints":{"allow":["GET"]}}],"collection":[{"href":"https:\/\/alchimiaglass.ch\/en\/wp-json\/wp\/v2\/product"}],"about":[{"href":"https:\/\/alchimiaglass.ch\/en\/wp-json\/wp\/v2\/types\/product"}],"wp:featuredmedia":[{"embeddable":true,"href":"https:\/\/alchimiaglass.ch\/en\/wp-json\/wp\/v2\/media\/823"}],"wp:attachment":[{"href":"https:\/\/alchimiaglass.ch\/en\/wp-json\/wp\/v2\/media?parent=820"}],"wp:term":[{"taxonomy":"product_brand","embeddable":true,"href":"https:\/\/alchimiaglass.ch\/en\/wp-json\/wp\/v2\/product_brand?post=820"},{"taxonomy":"product_cat","embeddable":true,"href":"https:\/\/alchimiaglass.ch\/en\/wp-json\/wp\/v2\/product_cat?post=820"},{"taxonomy":"product_tag","embeddable":true,"href":"https:\/\/alchimiaglass.ch\/en\/wp-json\/wp\/v2\/product_tag?post=820"}],"curies":[{"name":"wp","href":"https:\/\/api.w.org\/{rel}","templated":true}]}}