{"id":789,"date":"2023-02-02T08:18:55","date_gmt":"2023-02-02T07:18:55","guid":{"rendered":"https:\/\/alchimiaglass.ch\/?post_type=product&#038;p=789"},"modified":"2023-08-20T08:34:27","modified_gmt":"2023-08-20T06:34:27","slug":"vallee","status":"publish","type":"product","link":"https:\/\/alchimiaglass.ch\/en\/product\/vallee\/","title":{"rendered":"Valley"},"content":{"rendered":"<p>Une am\u00e9thyste ench\u00e2ss\u00e9e au creux d&rsquo;une vall\u00e9e verdoyante<\/p>\n<p>&nbsp;<\/p>\n<p>Technique: grisaille, engraving, copper setting<\/p>\n<p>Dimensions: Approximately 11.8 x 4.4 inches<\/p>","protected":false},"excerpt":{"rendered":"<p>Une am\u00e9thyste ench\u00e2ss\u00e9e au creux d&rsquo;une vall\u00e9e verdoyante &nbsp; Technique: grisaille, gravure, sertissage au cuivre Dimensions: 30 x 11.2 cm<\/p>","protected":false},"featured_media":792,"template":"","meta":[],"product_brand":[],"product_cat":[24],"product_tag":[],"class_list":{"0":"post-789","1":"product","2":"type-product","3":"status-publish","4":"has-post-thumbnail","6":"product_cat-vitrail","7":"entry","9":"first","10":"outofstock","11":"featured","12":"sold-individually","13":"shipping-taxable","14":"product-type-simple"},"_links":{"self":[{"href":"https:\/\/alchimiaglass.ch\/en\/wp-json\/wp\/v2\/product\/789","targetHints":{"allow":["GET"]}}],"collection":[{"href":"https:\/\/alchimiaglass.ch\/en\/wp-json\/wp\/v2\/product"}],"about":[{"href":"https:\/\/alchimiaglass.ch\/en\/wp-json\/wp\/v2\/types\/product"}],"wp:featuredmedia":[{"embeddable":true,"href":"https:\/\/alchimiaglass.ch\/en\/wp-json\/wp\/v2\/media\/792"}],"wp:attachment":[{"href":"https:\/\/alchimiaglass.ch\/en\/wp-json\/wp\/v2\/media?parent=789"}],"wp:term":[{"taxonomy":"product_brand","embeddable":true,"href":"https:\/\/alchimiaglass.ch\/en\/wp-json\/wp\/v2\/product_brand?post=789"},{"taxonomy":"product_cat","embeddable":true,"href":"https:\/\/alchimiaglass.ch\/en\/wp-json\/wp\/v2\/product_cat?post=789"},{"taxonomy":"product_tag","embeddable":true,"href":"https:\/\/alchimiaglass.ch\/en\/wp-json\/wp\/v2\/product_tag?post=789"}],"curies":[{"name":"wp","href":"https:\/\/api.w.org\/{rel}","templated":true}]}}