{"id":776,"date":"2023-01-07T12:06:15","date_gmt":"2023-01-07T11:06:15","guid":{"rendered":"https:\/\/alchimiaglass.ch\/?post_type=product&#038;p=776"},"modified":"2023-01-11T11:24:33","modified_gmt":"2023-01-11T10:24:33","slug":"naturalia","status":"publish","type":"product","link":"https:\/\/alchimiaglass.ch\/en\/product\/naturalia\/","title":{"rendered":"Naturalia"},"content":{"rendered":"<p>An ode to nature composed at its peak with medicinal plants such as ribwort plantain, shepherd's purse, and male fern. At its base, mosses and mushrooms form the carpet of the undergrowth that covers the underground world of roots and springs. This natural setting forms a cavity that shelters a pale yellow crystal tip.<\/p>\n<p>&nbsp;<\/p>\n<p>Technique: Glass painted with grisaille, copper and tin setting<\/p>\n<p>Dimensions: Approximately 14 x 4.7 inches<\/p>\n<p>&nbsp;<\/p>\n<p>&nbsp;<\/p>\n<p>&nbsp;<\/p>\n<p>&nbsp;<\/p>\n<p>&nbsp;<\/p>\n<p>&nbsp;<\/p>","protected":false},"excerpt":{"rendered":"<p>Une ode \u00e0 la nature compos\u00e9e en son haut de plantes m\u00e9dicinales comme le plantain lanc\u00e9ol\u00e9, la bourse \u00e0 pasteur et la foug\u00e8re m\u00e2le. En son bas, mousses et champignons forment le tapis des sous-bois qui recouvre le monde souterrain des racines et des sources. Cet \u00e9crin de nature forme une cavit\u00e9 qui abrite une&hellip; <a class=\"more-link\" href=\"https:\/\/alchimiaglass.ch\/en\/product\/naturalia\/\">Continue reading <span class=\"screen-reader-text\">Naturalia<\/span><\/a><\/p>","protected":false},"featured_media":777,"template":"","meta":[],"product_brand":[],"product_cat":[24],"product_tag":[],"class_list":{"0":"post-776","1":"product","2":"type-product","3":"status-publish","4":"has-post-thumbnail","6":"product_cat-vitrail","7":"entry","9":"first","10":"outofstock","11":"shipping-taxable","12":"product-type-simple"},"_links":{"self":[{"href":"https:\/\/alchimiaglass.ch\/en\/wp-json\/wp\/v2\/product\/776","targetHints":{"allow":["GET"]}}],"collection":[{"href":"https:\/\/alchimiaglass.ch\/en\/wp-json\/wp\/v2\/product"}],"about":[{"href":"https:\/\/alchimiaglass.ch\/en\/wp-json\/wp\/v2\/types\/product"}],"wp:featuredmedia":[{"embeddable":true,"href":"https:\/\/alchimiaglass.ch\/en\/wp-json\/wp\/v2\/media\/777"}],"wp:attachment":[{"href":"https:\/\/alchimiaglass.ch\/en\/wp-json\/wp\/v2\/media?parent=776"}],"wp:term":[{"taxonomy":"product_brand","embeddable":true,"href":"https:\/\/alchimiaglass.ch\/en\/wp-json\/wp\/v2\/product_brand?post=776"},{"taxonomy":"product_cat","embeddable":true,"href":"https:\/\/alchimiaglass.ch\/en\/wp-json\/wp\/v2\/product_cat?post=776"},{"taxonomy":"product_tag","embeddable":true,"href":"https:\/\/alchimiaglass.ch\/en\/wp-json\/wp\/v2\/product_tag?post=776"}],"curies":[{"name":"wp","href":"https:\/\/api.w.org\/{rel}","templated":true}]}}