{"id":732,"date":"2022-11-01T18:14:17","date_gmt":"2022-11-01T17:14:17","guid":{"rendered":"https:\/\/alchimiaglass.ch\/?post_type=product&#038;p=732"},"modified":"2023-06-30T07:58:53","modified_gmt":"2023-06-30T05:58:53","slug":"ginkgo","status":"publish","type":"product","link":"https:\/\/alchimiaglass.ch\/en\/product\/ginkgo\/","title":{"rendered":"Ginkgo"},"content":{"rendered":"<p>Delicate ginkgo leaf painted on a pale gray glass.<\/p>\n<p>Arbre sacr\u00e9 des temples bouddhistes, il est reli\u00e9 \u00e0 l&rsquo;amour et nous montre la voix de la patience pour devenir soi. Symbole de l&rsquo;union des oppos\u00e9s: force et douceur, action et contemplation, il nous guide vers le chemin pour devenir un.<\/p>\n<p>Technique: Glass painted with grisaille, faceted crystal<\/p>\n<p>Dimensions: Approximately 6.3 x 3.3 inches<\/p>\n<p>&nbsp;<\/p>","protected":false},"excerpt":{"rendered":"<p>D\u00e9licate feuille de ginkgo peinte sur un verre gris p\u00e2le. Arbre sacr\u00e9 des temples bouddhistes, il est reli\u00e9 \u00e0 l&rsquo;amour et nous montre la voix de la patience pour devenir soi. Symbole de l&rsquo;union des oppos\u00e9s: force et douceur, action et contemplation, il nous guide vers le chemin pour devenir un. Technique: verre peint \u00e0&hellip; <a class=\"more-link\" href=\"https:\/\/alchimiaglass.ch\/en\/product\/ginkgo\/\">Continue reading <span class=\"screen-reader-text\">Ginkgo<\/span><\/a><\/p>","protected":false},"featured_media":737,"template":"","meta":[],"product_brand":[],"product_cat":[24],"product_tag":[],"class_list":{"0":"post-732","1":"product","2":"type-product","3":"status-publish","4":"has-post-thumbnail","6":"product_cat-vitrail","7":"entry","9":"first","10":"outofstock","11":"featured","12":"sold-individually","13":"shipping-taxable","14":"product-type-simple"},"_links":{"self":[{"href":"https:\/\/alchimiaglass.ch\/en\/wp-json\/wp\/v2\/product\/732","targetHints":{"allow":["GET"]}}],"collection":[{"href":"https:\/\/alchimiaglass.ch\/en\/wp-json\/wp\/v2\/product"}],"about":[{"href":"https:\/\/alchimiaglass.ch\/en\/wp-json\/wp\/v2\/types\/product"}],"wp:featuredmedia":[{"embeddable":true,"href":"https:\/\/alchimiaglass.ch\/en\/wp-json\/wp\/v2\/media\/737"}],"wp:attachment":[{"href":"https:\/\/alchimiaglass.ch\/en\/wp-json\/wp\/v2\/media?parent=732"}],"wp:term":[{"taxonomy":"product_brand","embeddable":true,"href":"https:\/\/alchimiaglass.ch\/en\/wp-json\/wp\/v2\/product_brand?post=732"},{"taxonomy":"product_cat","embeddable":true,"href":"https:\/\/alchimiaglass.ch\/en\/wp-json\/wp\/v2\/product_cat?post=732"},{"taxonomy":"product_tag","embeddable":true,"href":"https:\/\/alchimiaglass.ch\/en\/wp-json\/wp\/v2\/product_tag?post=732"}],"curies":[{"name":"wp","href":"https:\/\/api.w.org\/{rel}","templated":true}]}}