{"id":640,"date":"2022-10-08T00:02:39","date_gmt":"2022-10-07T23:02:39","guid":{"rendered":"https:\/\/alchimiaglass.cryolog.in\/?post_type=product&#038;p=640"},"modified":"2022-12-04T07:50:07","modified_gmt":"2022-12-04T06:50:07","slug":"mini-deesse","status":"publish","type":"product","link":"https:\/\/alchimiaglass.ch\/en\/product\/mini-deesse\/","title":{"rendered":"Mini D\u00e9esse archa\u00efque"},"content":{"rendered":"<p>Inspir\u00e9e d&rsquo;une v\u00e9nus archa\u00efque du premier si\u00e8cle avant J.-C., cette pi\u00e8ce \u00e0 la particularit\u00e9 d&rsquo;\u00eatre en verres iris\u00e9s. Ce mat\u00e9riaux refl\u00e8te la lumi\u00e8re et peut \u00eatre accroch\u00e9 \u00e0 m\u00eame le mur sans avoir besoin d&rsquo;autres sources lumineuses pour prendre vie.<\/p>\n<p>Technique: verres iris\u00e9s, cabochon de verre \u00e0 facette, grisaille<\/p>\n<p>Dimensions: 12 X 26.5 cm<\/p>","protected":false},"excerpt":{"rendered":"<p>Inspir\u00e9e d&rsquo;une v\u00e9nus archa\u00efque du premier si\u00e8cle avant J.-C., cette pi\u00e8ce \u00e0 la particularit\u00e9 d&rsquo;\u00eatre en verres iris\u00e9s. Ce mat\u00e9riaux refl\u00e8te la lumi\u00e8re et peut \u00eatre accroch\u00e9 \u00e0 m\u00eame le mur sans avoir besoin d&rsquo;autres sources lumineuses pour prendre vie. Technique: verres iris\u00e9s, cabochon de verre \u00e0 facette, grisaille Dimensions: 12 X 26.5 cm<\/p>","protected":false},"featured_media":706,"template":"","meta":[],"product_brand":[],"product_cat":[24],"product_tag":[],"class_list":{"0":"post-640","1":"product","2":"type-product","3":"status-publish","4":"has-post-thumbnail","6":"product_cat-vitrail","7":"entry","9":"first","10":"outofstock","11":"sold-individually","12":"shipping-taxable","13":"product-type-simple"},"_links":{"self":[{"href":"https:\/\/alchimiaglass.ch\/en\/wp-json\/wp\/v2\/product\/640","targetHints":{"allow":["GET"]}}],"collection":[{"href":"https:\/\/alchimiaglass.ch\/en\/wp-json\/wp\/v2\/product"}],"about":[{"href":"https:\/\/alchimiaglass.ch\/en\/wp-json\/wp\/v2\/types\/product"}],"wp:featuredmedia":[{"embeddable":true,"href":"https:\/\/alchimiaglass.ch\/en\/wp-json\/wp\/v2\/media\/706"}],"wp:attachment":[{"href":"https:\/\/alchimiaglass.ch\/en\/wp-json\/wp\/v2\/media?parent=640"}],"wp:term":[{"taxonomy":"product_brand","embeddable":true,"href":"https:\/\/alchimiaglass.ch\/en\/wp-json\/wp\/v2\/product_brand?post=640"},{"taxonomy":"product_cat","embeddable":true,"href":"https:\/\/alchimiaglass.ch\/en\/wp-json\/wp\/v2\/product_cat?post=640"},{"taxonomy":"product_tag","embeddable":true,"href":"https:\/\/alchimiaglass.ch\/en\/wp-json\/wp\/v2\/product_tag?post=640"}],"curies":[{"name":"wp","href":"https:\/\/api.w.org\/{rel}","templated":true}]}}