{"id":532,"date":"2022-10-02T16:45:05","date_gmt":"2022-10-02T15:45:05","guid":{"rendered":"https:\/\/alchimiaglass.cryolog.in\/?post_type=product&#038;p=532"},"modified":"2022-10-29T21:00:14","modified_gmt":"2022-10-29T20:00:14","slug":"purple-luna","status":"publish","type":"product","link":"https:\/\/alchimiaglass.ch\/en\/product\/purple-luna\/","title":{"rendered":"Light catcher Purple-Luna"},"content":{"rendered":"<p>La couleur violette est le symbole de la m\u00e9ditation, du r\u00eave et de la spiritualit\u00e9. Elle apporte protection et r\u00e9confort<\/p>\n<p>Technique: Verre antique, agate violette du Brazil, cabochon facett\u00e9 en verre moul\u00e9, cristaux<\/p>\n<p>Dimension: 48 cm<\/p>\n<p>&nbsp;<\/p>","protected":false},"excerpt":{"rendered":"<p>La couleur violette est le symbole de la m\u00e9ditation, du r\u00eave et de la spiritualit\u00e9. Elle apporte protection et r\u00e9confort Technique: Verre antique, agate violette du Brazil, cabochon facett\u00e9 en verre moul\u00e9, cristaux Dimension: 48 cm &nbsp;<\/p>","protected":false},"featured_media":608,"template":"","meta":[],"product_brand":[],"product_cat":[24],"product_tag":[],"class_list":{"0":"post-532","1":"product","2":"type-product","3":"status-publish","4":"has-post-thumbnail","6":"product_cat-vitrail","7":"entry","9":"first","10":"outofstock","11":"sold-individually","12":"shipping-taxable","13":"product-type-simple"},"_links":{"self":[{"href":"https:\/\/alchimiaglass.ch\/en\/wp-json\/wp\/v2\/product\/532","targetHints":{"allow":["GET"]}}],"collection":[{"href":"https:\/\/alchimiaglass.ch\/en\/wp-json\/wp\/v2\/product"}],"about":[{"href":"https:\/\/alchimiaglass.ch\/en\/wp-json\/wp\/v2\/types\/product"}],"wp:featuredmedia":[{"embeddable":true,"href":"https:\/\/alchimiaglass.ch\/en\/wp-json\/wp\/v2\/media\/608"}],"wp:attachment":[{"href":"https:\/\/alchimiaglass.ch\/en\/wp-json\/wp\/v2\/media?parent=532"}],"wp:term":[{"taxonomy":"product_brand","embeddable":true,"href":"https:\/\/alchimiaglass.ch\/en\/wp-json\/wp\/v2\/product_brand?post=532"},{"taxonomy":"product_cat","embeddable":true,"href":"https:\/\/alchimiaglass.ch\/en\/wp-json\/wp\/v2\/product_cat?post=532"},{"taxonomy":"product_tag","embeddable":true,"href":"https:\/\/alchimiaglass.ch\/en\/wp-json\/wp\/v2\/product_tag?post=532"}],"curies":[{"name":"wp","href":"https:\/\/api.w.org\/{rel}","templated":true}]}}