{"id":523,"date":"2022-10-09T08:31:43","date_gmt":"2022-10-09T07:31:43","guid":{"rendered":"https:\/\/alchimiaglass.cryolog.in\/?post_type=product&#038;p=523"},"modified":"2023-01-23T06:09:09","modified_gmt":"2023-01-23T05:09:09","slug":"fons-inuocantis","status":"publish","type":"product","link":"https:\/\/alchimiaglass.ch\/en\/product\/fons-inuocantis\/","title":{"rendered":"\u00ab\u00a0Fons inuocantis\u00a0\u00bb"},"content":{"rendered":"<p>Heroic mottos from the collection of mottos illustrated by Claude Paradin, 1557.<\/p>\n<p>In XVII<sup>e<\/sup>\u00a0si\u00e8cle, les devises \u00e9taient \u00e0 la mode. Elles permettaient d\u2019illustr\u00e9es des valeurs religieuses et sociales. Cette reproduction illustre l&rsquo;histoire biblique de Sanson qui \u00e9tanche sa soif avec de l&rsquo;eau sortant d&rsquo;un cr\u00e2ne d&rsquo;\u00e2ne.<\/p>\n<p>Technique: Glass painted with grisaille, lead setting<\/p>\n<p>Dimensions: Approximately 4.1 x 4.1 inches<\/p>","protected":false},"excerpt":{"rendered":"<p>Devises h\u00e9ro\u00efques issue du recueil de devise illustr\u00e9es par Claude Paradin, 1557. Au XVIIe\u00a0si\u00e8cle, les devises \u00e9taient \u00e0 la mode. Elles permettaient d\u2019illustr\u00e9es des valeurs religieuses et sociales. Cette reproduction illustre l&rsquo;histoire biblique de Sanson qui \u00e9tanche sa soif avec de l&rsquo;eau sortant d&rsquo;un cr\u00e2ne d&rsquo;\u00e2ne. Technique: verre peint \u00e0 la grisaille, sertissage au plomb&hellip; <a class=\"more-link\" href=\"https:\/\/alchimiaglass.ch\/en\/product\/fons-inuocantis\/\">Continue reading <span class=\"screen-reader-text\">\u00ab\u00a0Fons inuocantis\u00a0\u00bb<\/span><\/a><\/p>","protected":false},"featured_media":453,"template":"","meta":[],"product_brand":[],"product_cat":[24],"product_tag":[],"class_list":{"0":"post-523","1":"product","2":"type-product","3":"status-publish","4":"has-post-thumbnail","6":"product_cat-vitrail","7":"entry","9":"first","10":"outofstock","11":"sold-individually","12":"shipping-taxable","13":"product-type-simple"},"_links":{"self":[{"href":"https:\/\/alchimiaglass.ch\/en\/wp-json\/wp\/v2\/product\/523","targetHints":{"allow":["GET"]}}],"collection":[{"href":"https:\/\/alchimiaglass.ch\/en\/wp-json\/wp\/v2\/product"}],"about":[{"href":"https:\/\/alchimiaglass.ch\/en\/wp-json\/wp\/v2\/types\/product"}],"wp:featuredmedia":[{"embeddable":true,"href":"https:\/\/alchimiaglass.ch\/en\/wp-json\/wp\/v2\/media\/453"}],"wp:attachment":[{"href":"https:\/\/alchimiaglass.ch\/en\/wp-json\/wp\/v2\/media?parent=523"}],"wp:term":[{"taxonomy":"product_brand","embeddable":true,"href":"https:\/\/alchimiaglass.ch\/en\/wp-json\/wp\/v2\/product_brand?post=523"},{"taxonomy":"product_cat","embeddable":true,"href":"https:\/\/alchimiaglass.ch\/en\/wp-json\/wp\/v2\/product_cat?post=523"},{"taxonomy":"product_tag","embeddable":true,"href":"https:\/\/alchimiaglass.ch\/en\/wp-json\/wp\/v2\/product_tag?post=523"}],"curies":[{"name":"wp","href":"https:\/\/api.w.org\/{rel}","templated":true}]}}