{"id":522,"date":"2022-10-02T16:45:04","date_gmt":"2022-10-02T15:45:04","guid":{"rendered":"https:\/\/alchimiaglass.cryolog.in\/?post_type=product&#038;p=522"},"modified":"2023-01-23T06:10:50","modified_gmt":"2023-01-23T05:10:50","slug":"quis-contra-nos-reproduction","status":"publish","type":"product","link":"https:\/\/alchimiaglass.ch\/en\/product\/quis-contra-nos-reproduction\/","title":{"rendered":"\u00ab\u00a0Quis contra nos ?\u00a0\u00bb"},"content":{"rendered":"<p>Heroic mottos from the collection of mottos illustrated by Claude Paradin, 1557.<\/p>\n<p>In XVII<sup>e<\/sup>\u00a0si\u00e8cle, les devises \u00e9taient \u00e0 la mode. Elles permettaient d\u2019illustr\u00e9es des valeurs religieuses et sociales. Cette reproduction pr\u00e9sente une main qui se fait morde par une vip\u00e8re au dessus d&rsquo;un feu. Elle illustre la croyance que celui qui se veut aider par Dieu rien ne peut lui nuire.<\/p>\n<p>Technique: verre peint \u00e0 la grisaille et serti au plomb<\/p>\n<p>Dimensions:\u00a012.5 x 18 cm<\/p>","protected":false},"excerpt":{"rendered":"<p>Devises h\u00e9ro\u00efques issue du recueil de devise illustr\u00e9es par Claude Paradin, 1557. Au XVIIe\u00a0si\u00e8cle, les devises \u00e9taient \u00e0 la mode. Elles permettaient d\u2019illustr\u00e9es des valeurs religieuses et sociales. Cette reproduction pr\u00e9sente une main qui se fait morde par une vip\u00e8re au dessus d&rsquo;un feu. Elle illustre la croyance que celui qui se veut aider par&hellip; <a class=\"more-link\" href=\"https:\/\/alchimiaglass.ch\/en\/product\/quis-contra-nos-reproduction\/\">Continue reading <span class=\"screen-reader-text\">\u00ab\u00a0Quis contra nos ?\u00a0\u00bb<\/span><\/a><\/p>","protected":false},"featured_media":483,"template":"","meta":[],"product_brand":[],"product_cat":[24],"product_tag":[],"class_list":{"0":"post-522","1":"product","2":"type-product","3":"status-publish","4":"has-post-thumbnail","6":"product_cat-vitrail","7":"entry","9":"first","10":"outofstock","11":"sold-individually","12":"shipping-taxable","13":"product-type-simple"},"_links":{"self":[{"href":"https:\/\/alchimiaglass.ch\/en\/wp-json\/wp\/v2\/product\/522","targetHints":{"allow":["GET"]}}],"collection":[{"href":"https:\/\/alchimiaglass.ch\/en\/wp-json\/wp\/v2\/product"}],"about":[{"href":"https:\/\/alchimiaglass.ch\/en\/wp-json\/wp\/v2\/types\/product"}],"wp:featuredmedia":[{"embeddable":true,"href":"https:\/\/alchimiaglass.ch\/en\/wp-json\/wp\/v2\/media\/483"}],"wp:attachment":[{"href":"https:\/\/alchimiaglass.ch\/en\/wp-json\/wp\/v2\/media?parent=522"}],"wp:term":[{"taxonomy":"product_brand","embeddable":true,"href":"https:\/\/alchimiaglass.ch\/en\/wp-json\/wp\/v2\/product_brand?post=522"},{"taxonomy":"product_cat","embeddable":true,"href":"https:\/\/alchimiaglass.ch\/en\/wp-json\/wp\/v2\/product_cat?post=522"},{"taxonomy":"product_tag","embeddable":true,"href":"https:\/\/alchimiaglass.ch\/en\/wp-json\/wp\/v2\/product_tag?post=522"}],"curies":[{"name":"wp","href":"https:\/\/api.w.org\/{rel}","templated":true}]}}