{"id":518,"date":"2022-10-08T00:01:06","date_gmt":"2022-10-07T23:01:06","guid":{"rendered":"https:\/\/alchimiaglass.cryolog.in\/?post_type=product&#038;p=518"},"modified":"2023-12-26T09:43:06","modified_gmt":"2023-12-26T07:43:06","slug":"porte-de-lhiver","status":"publish","type":"product","link":"https:\/\/alchimiaglass.ch\/en\/product\/porte-de-lhiver\/","title":{"rendered":"Porte de l&rsquo;hiver"},"content":{"rendered":"<p>Pi\u00e8ce mont\u00e9e sur socle de bois. Elle repr\u00e9sente une for\u00eat une nuit d&rsquo;hiver avec un croissant de lune et un ciel \u00e9toil\u00e9.<\/p>\n<p>Technique: verre grav\u00e9, grisaille, sertissage cuivre et \u00e9tain, cristal de roche<\/p>\n<p>Dimensions: 47.5 x 16 cm<\/p>","protected":false},"excerpt":{"rendered":"<p>Pi\u00e8ce mont\u00e9e sur socle de bois. Elle repr\u00e9sente une for\u00eat une nuit d&rsquo;hiver avec un croissant de lune et un ciel \u00e9toil\u00e9. Technique: verre grav\u00e9, grisaille, sertissage cuivre et \u00e9tain, cristal de roche Dimensions: 47.5 x 16 cm<\/p>","protected":false},"featured_media":335,"template":"","meta":[],"product_brand":[],"product_cat":[24],"product_tag":[],"class_list":{"0":"post-518","1":"product","2":"type-product","3":"status-publish","4":"has-post-thumbnail","6":"product_cat-vitrail","7":"entry","9":"first","10":"outofstock","11":"featured","12":"sold-individually","13":"shipping-taxable","14":"product-type-simple"},"_links":{"self":[{"href":"https:\/\/alchimiaglass.ch\/en\/wp-json\/wp\/v2\/product\/518","targetHints":{"allow":["GET"]}}],"collection":[{"href":"https:\/\/alchimiaglass.ch\/en\/wp-json\/wp\/v2\/product"}],"about":[{"href":"https:\/\/alchimiaglass.ch\/en\/wp-json\/wp\/v2\/types\/product"}],"wp:featuredmedia":[{"embeddable":true,"href":"https:\/\/alchimiaglass.ch\/en\/wp-json\/wp\/v2\/media\/335"}],"wp:attachment":[{"href":"https:\/\/alchimiaglass.ch\/en\/wp-json\/wp\/v2\/media?parent=518"}],"wp:term":[{"taxonomy":"product_brand","embeddable":true,"href":"https:\/\/alchimiaglass.ch\/en\/wp-json\/wp\/v2\/product_brand?post=518"},{"taxonomy":"product_cat","embeddable":true,"href":"https:\/\/alchimiaglass.ch\/en\/wp-json\/wp\/v2\/product_cat?post=518"},{"taxonomy":"product_tag","embeddable":true,"href":"https:\/\/alchimiaglass.ch\/en\/wp-json\/wp\/v2\/product_tag?post=518"}],"curies":[{"name":"wp","href":"https:\/\/api.w.org\/{rel}","templated":true}]}}