{"id":513,"date":"2022-10-02T16:45:04","date_gmt":"2022-10-02T15:45:04","guid":{"rendered":"https:\/\/alchimiaglass.cryolog.in\/?post_type=product&#038;p=513"},"modified":"2023-01-23T06:10:13","modified_gmt":"2023-01-23T05:10:13","slug":"au-gui-lan-neuf","status":"publish","type":"product","link":"https:\/\/alchimiaglass.ch\/en\/product\/au-gui-lan-neuf\/","title":{"rendered":"Gui"},"content":{"rendered":"<p>S&#8217;embrasser sous la gui \u00e0 nouvel an porterai chance et l&rsquo;expression \u00ab\u00a0<em>Au gui l&rsquo;an neuf !<\/em>\u00a0\u00bb exprimerai la joie du passage \u00e0 la nouvelle ann\u00e9e.<\/p>\n<p>Technique: verre peint \u00e0 la grisaille<\/p>\n<p>Dimensions:\u00a011.5 x 7.5 cm<\/p>","protected":false},"excerpt":{"rendered":"<p>S&#8217;embrasser sous la gui \u00e0 nouvel an porterai chance et l&rsquo;expression \u00ab\u00a0Au gui l&rsquo;an neuf !\u00a0\u00bb exprimerai la joie du passage \u00e0 la nouvelle ann\u00e9e. Technique: verre peint \u00e0 la grisaille Dimensions:\u00a011.5 x 7.5 cm<\/p>","protected":false},"featured_media":479,"template":"","meta":[],"product_brand":[],"product_cat":[24],"product_tag":[],"class_list":{"0":"post-513","1":"product","2":"type-product","3":"status-publish","4":"has-post-thumbnail","6":"product_cat-vitrail","7":"entry","9":"first","10":"outofstock","11":"sold-individually","12":"shipping-taxable","13":"product-type-simple"},"_links":{"self":[{"href":"https:\/\/alchimiaglass.ch\/en\/wp-json\/wp\/v2\/product\/513","targetHints":{"allow":["GET"]}}],"collection":[{"href":"https:\/\/alchimiaglass.ch\/en\/wp-json\/wp\/v2\/product"}],"about":[{"href":"https:\/\/alchimiaglass.ch\/en\/wp-json\/wp\/v2\/types\/product"}],"wp:featuredmedia":[{"embeddable":true,"href":"https:\/\/alchimiaglass.ch\/en\/wp-json\/wp\/v2\/media\/479"}],"wp:attachment":[{"href":"https:\/\/alchimiaglass.ch\/en\/wp-json\/wp\/v2\/media?parent=513"}],"wp:term":[{"taxonomy":"product_brand","embeddable":true,"href":"https:\/\/alchimiaglass.ch\/en\/wp-json\/wp\/v2\/product_brand?post=513"},{"taxonomy":"product_cat","embeddable":true,"href":"https:\/\/alchimiaglass.ch\/en\/wp-json\/wp\/v2\/product_cat?post=513"},{"taxonomy":"product_tag","embeddable":true,"href":"https:\/\/alchimiaglass.ch\/en\/wp-json\/wp\/v2\/product_tag?post=513"}],"curies":[{"name":"wp","href":"https:\/\/api.w.org\/{rel}","templated":true}]}}