{"id":509,"date":"2022-10-09T08:31:42","date_gmt":"2022-10-09T07:31:42","guid":{"rendered":"https:\/\/alchimiaglass.cryolog.in\/?post_type=product&#038;p=509"},"modified":"2023-03-31T09:12:43","modified_gmt":"2023-03-31T08:12:43","slug":"circles","status":"publish","type":"product","link":"https:\/\/alchimiaglass.ch\/en\/product\/circles\/","title":{"rendered":"Circles"},"content":{"rendered":"<p>Technique: Verre grav\u00e9s, grisaille, jaune d&rsquo;argent, sertissage au cuivre et \u00e9tain<\/p>\n<p>Dimsensions: 17 cm de diam\u00e8tre<\/p>","protected":false},"excerpt":{"rendered":"<p>Technique: Verre grav\u00e9s, grisaille, jaune d&rsquo;argent, sertissage au cuivre et \u00e9tain Dimsensions: 17 cm de diam\u00e8tre<\/p>","protected":false},"featured_media":811,"template":"","meta":[],"product_brand":[],"product_cat":[24],"product_tag":[],"class_list":{"0":"post-509","1":"product","2":"type-product","3":"status-publish","4":"has-post-thumbnail","6":"product_cat-vitrail","7":"entry","9":"first","10":"outofstock","11":"sold-individually","12":"shipping-taxable","13":"product-type-simple"},"_links":{"self":[{"href":"https:\/\/alchimiaglass.ch\/en\/wp-json\/wp\/v2\/product\/509","targetHints":{"allow":["GET"]}}],"collection":[{"href":"https:\/\/alchimiaglass.ch\/en\/wp-json\/wp\/v2\/product"}],"about":[{"href":"https:\/\/alchimiaglass.ch\/en\/wp-json\/wp\/v2\/types\/product"}],"wp:featuredmedia":[{"embeddable":true,"href":"https:\/\/alchimiaglass.ch\/en\/wp-json\/wp\/v2\/media\/811"}],"wp:attachment":[{"href":"https:\/\/alchimiaglass.ch\/en\/wp-json\/wp\/v2\/media?parent=509"}],"wp:term":[{"taxonomy":"product_brand","embeddable":true,"href":"https:\/\/alchimiaglass.ch\/en\/wp-json\/wp\/v2\/product_brand?post=509"},{"taxonomy":"product_cat","embeddable":true,"href":"https:\/\/alchimiaglass.ch\/en\/wp-json\/wp\/v2\/product_cat?post=509"},{"taxonomy":"product_tag","embeddable":true,"href":"https:\/\/alchimiaglass.ch\/en\/wp-json\/wp\/v2\/product_tag?post=509"}],"curies":[{"name":"wp","href":"https:\/\/api.w.org\/{rel}","templated":true}]}}