{"id":508,"date":"2022-10-09T08:31:42","date_gmt":"2022-10-09T07:31:42","guid":{"rendered":"https:\/\/alchimiaglass.cryolog.in\/?post_type=product&#038;p=508"},"modified":"2022-12-29T18:56:29","modified_gmt":"2022-12-29T17:56:29","slug":"mirabilis","status":"publish","type":"product","link":"https:\/\/alchimiaglass.ch\/en\/product\/mirabilis\/","title":{"rendered":"Mirabilis"},"content":{"rendered":"<p>Vitrail pr\u00e9cieux serti d&rsquo;une pointe d&rsquo;am\u00e9trine.<\/p>\n<p>Rayonnant et lumineux, cette pi\u00e8ce talisman capte la lumi\u00e8re naturelle et la diffuse doucement pour cr\u00e9er une atmosph\u00e8re apaisante.<\/p>\n<p>En lithoth\u00e9rapie, l&rsquo;am\u00e9trine (m\u00e9lange d&rsquo;am\u00e9thyste et de citrine) apporte une grande s\u00e9r\u00e9nit\u00e9, une existence \u00e9panouie, joie de vivre et bien-\u00eatre. Elle favoriserait aussi la cr\u00e9ativit\u00e9 et l&rsquo;\u00e9lan dans tous les domaines.<\/p>\n<p>Technique: Verre grav\u00e9, cristal d&rsquo;am\u00e9trine (am\u00e9thyste et citrine), sertissage au cuivre et \u00e0 l&rsquo;\u00e9tain<\/p>\n<p>Dimensions: 12 x 10 cm<\/p>","protected":false},"excerpt":{"rendered":"<p>Vitrail pr\u00e9cieux serti d&rsquo;une pointe d&rsquo;am\u00e9trine. Rayonnant et lumineux, cette pi\u00e8ce talisman capte la lumi\u00e8re naturelle et la diffuse doucement pour cr\u00e9er une atmosph\u00e8re apaisante. En lithoth\u00e9rapie, l&rsquo;am\u00e9trine (m\u00e9lange d&rsquo;am\u00e9thyste et de citrine) apporte une grande s\u00e9r\u00e9nit\u00e9, une existence \u00e9panouie, joie de vivre et bien-\u00eatre. Elle favoriserait aussi la cr\u00e9ativit\u00e9 et l&rsquo;\u00e9lan dans tous les&hellip; <a class=\"more-link\" href=\"https:\/\/alchimiaglass.ch\/en\/product\/mirabilis\/\">Continue reading <span class=\"screen-reader-text\">Mirabilis<\/span><\/a><\/p>","protected":false},"featured_media":651,"template":"","meta":[],"product_brand":[],"product_cat":[24],"product_tag":[],"class_list":{"0":"post-508","1":"product","2":"type-product","3":"status-publish","4":"has-post-thumbnail","6":"product_cat-vitrail","7":"entry","9":"first","10":"outofstock","11":"sold-individually","12":"shipping-taxable","13":"product-type-simple"},"_links":{"self":[{"href":"https:\/\/alchimiaglass.ch\/en\/wp-json\/wp\/v2\/product\/508","targetHints":{"allow":["GET"]}}],"collection":[{"href":"https:\/\/alchimiaglass.ch\/en\/wp-json\/wp\/v2\/product"}],"about":[{"href":"https:\/\/alchimiaglass.ch\/en\/wp-json\/wp\/v2\/types\/product"}],"wp:featuredmedia":[{"embeddable":true,"href":"https:\/\/alchimiaglass.ch\/en\/wp-json\/wp\/v2\/media\/651"}],"wp:attachment":[{"href":"https:\/\/alchimiaglass.ch\/en\/wp-json\/wp\/v2\/media?parent=508"}],"wp:term":[{"taxonomy":"product_brand","embeddable":true,"href":"https:\/\/alchimiaglass.ch\/en\/wp-json\/wp\/v2\/product_brand?post=508"},{"taxonomy":"product_cat","embeddable":true,"href":"https:\/\/alchimiaglass.ch\/en\/wp-json\/wp\/v2\/product_cat?post=508"},{"taxonomy":"product_tag","embeddable":true,"href":"https:\/\/alchimiaglass.ch\/en\/wp-json\/wp\/v2\/product_tag?post=508"}],"curies":[{"name":"wp","href":"https:\/\/api.w.org\/{rel}","templated":true}]}}