{"id":498,"date":"2022-10-09T08:31:42","date_gmt":"2022-10-09T07:31:42","guid":{"rendered":"https:\/\/alchimiaglass.cryolog.in\/?post_type=product&#038;p=498"},"modified":"2024-06-23T09:04:34","modified_gmt":"2024-06-23T07:04:34","slug":"el-camino-azul","status":"publish","type":"product","link":"https:\/\/alchimiaglass.ch\/en\/product\/el-camino-azul\/","title":{"rendered":"El camino azul"},"content":{"rendered":"<p>The scallop shell is the symbol of the pilgrimage to Compostela.<\/p>\n<p>Tradition has it that those who venture on this initiatory path attach one of these shells to their pilgrim's staff or backpack as a sign of protection and recognition. Here is a scallop shell to remind us of this past or future experience.<\/p>\n<p>Technique: leaded stained glass, grisaille.<\/p>\n<p>D&rsquo;autres vitraux de coquilles Saint-Jacques sont en vente \u00e0 la boutique du Mus\u00e9e du vitrail :<\/p>\n<p style=\"text-align: center;\"><strong><em>Vitromus\u00e9e<\/em><\/strong><\/p>\n<p style=\"text-align: center;\"><em>Mus\u00e9e suisse du vitrail et des arts du verre<\/em><\/p>\n<p style=\"text-align: center;\"><em>Rue du Ch\u00e2teau 108b<\/em><\/p>\n<p style=\"text-align: center;\"><em>1680 Romont, Switzerland<\/em><\/p>\n<p>&nbsp;<\/p>","protected":false},"excerpt":{"rendered":"<p>La coquille Saint-Jacques est le symbole du p\u00e8lerinage de Compostelle. La tradition veut que celui qui s\u2019aventure sur ce chemin initiatique accroche l\u2019un de ces coquillages \u00e0 son b\u00e2ton de p\u00e8lerin ou \u00e0 son sac \u00e0 dos en signe de protection et de reconnaissance. Ici, une coquille Saint-Jacques pour nous rem\u00e9morer cette exp\u00e9rience v\u00e9cue ou&hellip; <a class=\"more-link\" href=\"https:\/\/alchimiaglass.ch\/en\/product\/el-camino-azul\/\">Continue reading <span class=\"screen-reader-text\">El camino azul<\/span><\/a><\/p>","protected":false},"featured_media":471,"template":"","meta":[],"product_brand":[],"product_cat":[24],"product_tag":[],"class_list":{"0":"post-498","1":"product","2":"type-product","3":"status-publish","4":"has-post-thumbnail","6":"product_cat-vitrail","7":"entry","9":"first","10":"outofstock","11":"shipping-taxable","12":"product-type-simple"},"_links":{"self":[{"href":"https:\/\/alchimiaglass.ch\/en\/wp-json\/wp\/v2\/product\/498","targetHints":{"allow":["GET"]}}],"collection":[{"href":"https:\/\/alchimiaglass.ch\/en\/wp-json\/wp\/v2\/product"}],"about":[{"href":"https:\/\/alchimiaglass.ch\/en\/wp-json\/wp\/v2\/types\/product"}],"wp:featuredmedia":[{"embeddable":true,"href":"https:\/\/alchimiaglass.ch\/en\/wp-json\/wp\/v2\/media\/471"}],"wp:attachment":[{"href":"https:\/\/alchimiaglass.ch\/en\/wp-json\/wp\/v2\/media?parent=498"}],"wp:term":[{"taxonomy":"product_brand","embeddable":true,"href":"https:\/\/alchimiaglass.ch\/en\/wp-json\/wp\/v2\/product_brand?post=498"},{"taxonomy":"product_cat","embeddable":true,"href":"https:\/\/alchimiaglass.ch\/en\/wp-json\/wp\/v2\/product_cat?post=498"},{"taxonomy":"product_tag","embeddable":true,"href":"https:\/\/alchimiaglass.ch\/en\/wp-json\/wp\/v2\/product_tag?post=498"}],"curies":[{"name":"wp","href":"https:\/\/api.w.org\/{rel}","templated":true}]}}