{"id":495,"date":"2022-10-02T16:45:05","date_gmt":"2022-10-02T15:45:05","guid":{"rendered":"https:\/\/alchimiaglass.cryolog.in\/?post_type=product&#038;p=495"},"modified":"2022-10-09T12:43:48","modified_gmt":"2022-10-09T11:43:48","slug":"colline-aux-orchidees","status":"publish","type":"product","link":"https:\/\/alchimiaglass.ch\/en\/product\/colline-aux-orchidees\/","title":{"rendered":"Colline aux orchid\u00e9es"},"content":{"rendered":"<p>Cr\u00e9ation r\u00e9alis\u00e9e en soutien \u00e0 la premi\u00e8re ZAD (zone \u00e0 d\u00e9fendre) de Suisse sur la colline du Mormont \u00e9vacu\u00e9e en mars 2021. Cette action d&rsquo;occupation a \u00e9t\u00e9 men\u00e9e pour sensibiliser le monde et les politiques \u00e0 la protection d&rsquo;un \u00e9cosyst\u00e8me qui abrite des orchid\u00e9es sauvages. Le cimentier Holcim voulait poursuivre l&rsquo;exploitation de la carri\u00e8re se qui aurait d\u00e9truit ce site unique en son genre en Suisse<\/p>\n<p>Technique: vitrail au plomb, peinture \u00e0 la grisaille<\/p>\n<p>Dimensions: 4.9 x 6.1 inches<\/p>\n<p>&nbsp;<\/p>","protected":false},"excerpt":{"rendered":"<p>Cr\u00e9ation r\u00e9alis\u00e9e en soutien \u00e0 la premi\u00e8re ZAD (zone \u00e0 d\u00e9fendre) de Suisse sur la colline du Mormont \u00e9vacu\u00e9e en mars 2021. Cette action d&rsquo;occupation a \u00e9t\u00e9 men\u00e9e pour sensibiliser le monde et les politiques \u00e0 la protection d&rsquo;un \u00e9cosyst\u00e8me qui abrite des orchid\u00e9es sauvages. Le cimentier Holcim voulait poursuivre l&rsquo;exploitation de la carri\u00e8re se&hellip; <a class=\"more-link\" href=\"https:\/\/alchimiaglass.ch\/en\/product\/colline-aux-orchidees\/\">Continue reading <span class=\"screen-reader-text\">Colline aux orchid\u00e9es<\/span><\/a><\/p>","protected":false},"featured_media":470,"template":"","meta":[],"product_brand":[],"product_cat":[24],"product_tag":[],"class_list":{"0":"post-495","1":"product","2":"type-product","3":"status-publish","4":"has-post-thumbnail","6":"product_cat-vitrail","7":"entry","9":"first","10":"outofstock","11":"shipping-taxable","12":"product-type-simple"},"_links":{"self":[{"href":"https:\/\/alchimiaglass.ch\/en\/wp-json\/wp\/v2\/product\/495","targetHints":{"allow":["GET"]}}],"collection":[{"href":"https:\/\/alchimiaglass.ch\/en\/wp-json\/wp\/v2\/product"}],"about":[{"href":"https:\/\/alchimiaglass.ch\/en\/wp-json\/wp\/v2\/types\/product"}],"wp:featuredmedia":[{"embeddable":true,"href":"https:\/\/alchimiaglass.ch\/en\/wp-json\/wp\/v2\/media\/470"}],"wp:attachment":[{"href":"https:\/\/alchimiaglass.ch\/en\/wp-json\/wp\/v2\/media?parent=495"}],"wp:term":[{"taxonomy":"product_brand","embeddable":true,"href":"https:\/\/alchimiaglass.ch\/en\/wp-json\/wp\/v2\/product_brand?post=495"},{"taxonomy":"product_cat","embeddable":true,"href":"https:\/\/alchimiaglass.ch\/en\/wp-json\/wp\/v2\/product_cat?post=495"},{"taxonomy":"product_tag","embeddable":true,"href":"https:\/\/alchimiaglass.ch\/en\/wp-json\/wp\/v2\/product_tag?post=495"}],"curies":[{"name":"wp","href":"https:\/\/api.w.org\/{rel}","templated":true}]}}