{"id":493,"date":"2022-10-09T08:31:42","date_gmt":"2022-10-09T07:31:42","guid":{"rendered":"https:\/\/alchimiaglass.cryolog.in\/?post_type=product&#038;p=493"},"modified":"2023-02-05T08:45:36","modified_gmt":"2023-02-05T07:45:36","slug":"amour-ardent","status":"publish","type":"product","link":"https:\/\/alchimiaglass.ch\/en\/product\/amour-ardent\/","title":{"rendered":"Amour ardent"},"content":{"rendered":"<p>Le coeur enflamm\u00e9 symbolise l&rsquo;amour sans fin, l&rsquo;amour \u00e9ternel.<\/p>\n<p>Technique: vitrail au plomb, peinture \u00e0 la grisaille<\/p>\n<p>Dimensions: 12.5 x 12.5 cm<\/p>\n<p>&nbsp;<\/p>","protected":false},"excerpt":{"rendered":"<p>Le coeur enflamm\u00e9 symbolise l&rsquo;amour sans fin, l&rsquo;amour \u00e9ternel. Technique: vitrail au plomb, peinture \u00e0 la grisaille Dimensions: 12.5 x 12.5 cm &nbsp;<\/p>","protected":false},"featured_media":576,"template":"","meta":[],"product_brand":[],"product_cat":[24],"product_tag":[],"class_list":{"0":"post-493","1":"product","2":"type-product","3":"status-publish","4":"has-post-thumbnail","6":"product_cat-vitrail","7":"entry","9":"first","10":"outofstock","11":"shipping-taxable","12":"product-type-simple"},"_links":{"self":[{"href":"https:\/\/alchimiaglass.ch\/en\/wp-json\/wp\/v2\/product\/493","targetHints":{"allow":["GET"]}}],"collection":[{"href":"https:\/\/alchimiaglass.ch\/en\/wp-json\/wp\/v2\/product"}],"about":[{"href":"https:\/\/alchimiaglass.ch\/en\/wp-json\/wp\/v2\/types\/product"}],"wp:featuredmedia":[{"embeddable":true,"href":"https:\/\/alchimiaglass.ch\/en\/wp-json\/wp\/v2\/media\/576"}],"wp:attachment":[{"href":"https:\/\/alchimiaglass.ch\/en\/wp-json\/wp\/v2\/media?parent=493"}],"wp:term":[{"taxonomy":"product_brand","embeddable":true,"href":"https:\/\/alchimiaglass.ch\/en\/wp-json\/wp\/v2\/product_brand?post=493"},{"taxonomy":"product_cat","embeddable":true,"href":"https:\/\/alchimiaglass.ch\/en\/wp-json\/wp\/v2\/product_cat?post=493"},{"taxonomy":"product_tag","embeddable":true,"href":"https:\/\/alchimiaglass.ch\/en\/wp-json\/wp\/v2\/product_tag?post=493"}],"curies":[{"name":"wp","href":"https:\/\/api.w.org\/{rel}","templated":true}]}}