{"id":1393,"date":"2025-06-15T11:43:55","date_gmt":"2025-06-15T09:43:55","guid":{"rendered":"https:\/\/alchimiaglass.ch\/?post_type=product&#038;p=1393"},"modified":"2025-06-17T15:39:02","modified_gmt":"2025-06-17T13:39:02","slug":"suspension-vegetale","status":"publish","type":"product","link":"https:\/\/alchimiaglass.ch\/en\/product\/suspension-vegetale\/","title":{"rendered":"Suspension v\u00e9g\u00e9tale"},"content":{"rendered":"<p>Tout en l\u00e9g\u00e8ret\u00e9 et fra\u00eecheur, cette suspension en verre souffl\u00e9 est orn\u00e9e d&rsquo;une feuille de ginkgo et d&rsquo;herbes sauvages.<\/p>\n<p>Dimensions: 38 x 13,5 cm<\/p>","protected":false},"excerpt":{"rendered":"<p>Tout en l\u00e9g\u00e8ret\u00e9 et fra\u00eecheur, cette suspension en verre souffl\u00e9 est orn\u00e9e d&rsquo;une feuille de ginkgo et d&rsquo;herbes sauvages. Dimensions: 38 x 13,5 cm<\/p>","protected":false},"featured_media":1395,"template":"","meta":[],"product_brand":[],"product_cat":[24],"product_tag":[],"class_list":{"0":"post-1393","1":"product","2":"type-product","3":"status-publish","4":"has-post-thumbnail","6":"product_cat-vitrail","7":"entry","9":"first","10":"outofstock","11":"sold-individually","12":"shipping-taxable","13":"purchasable","14":"product-type-simple"},"_links":{"self":[{"href":"https:\/\/alchimiaglass.ch\/en\/wp-json\/wp\/v2\/product\/1393","targetHints":{"allow":["GET"]}}],"collection":[{"href":"https:\/\/alchimiaglass.ch\/en\/wp-json\/wp\/v2\/product"}],"about":[{"href":"https:\/\/alchimiaglass.ch\/en\/wp-json\/wp\/v2\/types\/product"}],"wp:featuredmedia":[{"embeddable":true,"href":"https:\/\/alchimiaglass.ch\/en\/wp-json\/wp\/v2\/media\/1395"}],"wp:attachment":[{"href":"https:\/\/alchimiaglass.ch\/en\/wp-json\/wp\/v2\/media?parent=1393"}],"wp:term":[{"taxonomy":"product_brand","embeddable":true,"href":"https:\/\/alchimiaglass.ch\/en\/wp-json\/wp\/v2\/product_brand?post=1393"},{"taxonomy":"product_cat","embeddable":true,"href":"https:\/\/alchimiaglass.ch\/en\/wp-json\/wp\/v2\/product_cat?post=1393"},{"taxonomy":"product_tag","embeddable":true,"href":"https:\/\/alchimiaglass.ch\/en\/wp-json\/wp\/v2\/product_tag?post=1393"}],"curies":[{"name":"wp","href":"https:\/\/api.w.org\/{rel}","templated":true}]}}