{"id":1340,"date":"2025-06-01T07:35:01","date_gmt":"2025-06-01T05:35:01","guid":{"rendered":"https:\/\/alchimiaglass.ch\/?post_type=product&#038;p=1340"},"modified":"2026-03-01T10:09:42","modified_gmt":"2026-03-01T08:09:42","slug":"grande-lune-dete-miroir","status":"publish","type":"product","link":"https:\/\/alchimiaglass.ch\/en\/product\/grande-lune-dete-miroir\/","title":{"rendered":"Grande Lune d&rsquo;\u00e9t\u00e9"},"content":{"rendered":"<p>Lune miroir aux graines souffl\u00e9es<\/p>\n<p>Dimensions: 10 x 16 cm<\/p>\n<p>Cet objet est fabriqu\u00e9 \u00e0 partir de mat\u00e9riaux ressourc\u00e9s ; ses petites imperfections font partie de son histoire et de son charme.<\/p>","protected":false},"excerpt":{"rendered":"<p>Lune miroir aux graines souffl\u00e9es Dimensions: 10 x 16 cm Cet objet est fabriqu\u00e9 \u00e0 partir de mat\u00e9riaux ressourc\u00e9s ; ses petites imperfections font partie de son histoire et de son charme.<\/p>","protected":false},"featured_media":1334,"template":"","meta":[],"product_brand":[],"product_cat":[24],"product_tag":[],"class_list":{"0":"post-1340","1":"product","2":"type-product","3":"status-publish","4":"has-post-thumbnail","6":"product_cat-vitrail","7":"entry","9":"first","10":"outofstock","11":"sold-individually","12":"shipping-taxable","13":"purchasable","14":"product-type-simple"},"_links":{"self":[{"href":"https:\/\/alchimiaglass.ch\/en\/wp-json\/wp\/v2\/product\/1340","targetHints":{"allow":["GET"]}}],"collection":[{"href":"https:\/\/alchimiaglass.ch\/en\/wp-json\/wp\/v2\/product"}],"about":[{"href":"https:\/\/alchimiaglass.ch\/en\/wp-json\/wp\/v2\/types\/product"}],"wp:featuredmedia":[{"embeddable":true,"href":"https:\/\/alchimiaglass.ch\/en\/wp-json\/wp\/v2\/media\/1334"}],"wp:attachment":[{"href":"https:\/\/alchimiaglass.ch\/en\/wp-json\/wp\/v2\/media?parent=1340"}],"wp:term":[{"taxonomy":"product_brand","embeddable":true,"href":"https:\/\/alchimiaglass.ch\/en\/wp-json\/wp\/v2\/product_brand?post=1340"},{"taxonomy":"product_cat","embeddable":true,"href":"https:\/\/alchimiaglass.ch\/en\/wp-json\/wp\/v2\/product_cat?post=1340"},{"taxonomy":"product_tag","embeddable":true,"href":"https:\/\/alchimiaglass.ch\/en\/wp-json\/wp\/v2\/product_tag?post=1340"}],"curies":[{"name":"wp","href":"https:\/\/api.w.org\/{rel}","templated":true}]}}