{"id":1148,"date":"2024-06-09T09:18:26","date_gmt":"2024-06-09T07:18:26","guid":{"rendered":"https:\/\/alchimiaglass.ch\/?post_type=product&#038;p=1148"},"modified":"2024-06-23T09:23:28","modified_gmt":"2024-06-23T07:23:28","slug":"nymphalide","status":"publish","type":"product","link":"https:\/\/alchimiaglass.ch\/en\/product\/nymphalide\/","title":{"rendered":"Nymphalide"},"content":{"rendered":"<p>Cr\u00e9ation miniature compos\u00e9e d&rsquo;un cristal en \u00e9ventail et d&rsquo;un cabochon de verre \u00e9voquant un papillon chim\u00e9rique.<\/p>\n<p>Technique : Antique glass, glass cabochon, rock crystal (<em>Quartz Rose<\/em>, Fribourg), copper and tin, octagonal lustre crystal<\/p>\n<p>Dimensions : 8 x 9 cm<\/p>","protected":false},"excerpt":{"rendered":"<p>Cr\u00e9ation miniature compos\u00e9e d&rsquo;un cristal en \u00e9ventail et d&rsquo;un cabochon de verre \u00e9voquant un papillon chim\u00e9rique. Technique : Verre antique, cabochon de verre, cristal de roche (Quartz Rose, Fribourg), cuivre et \u00e9tain, cristal octogonal de lustre. Dimensions : 8 x 9 cm<\/p>","protected":false},"featured_media":1149,"template":"","meta":[],"product_brand":[],"product_cat":[24],"product_tag":[],"class_list":{"0":"post-1148","1":"product","2":"type-product","3":"status-publish","4":"has-post-thumbnail","6":"product_cat-vitrail","7":"entry","9":"first","10":"outofstock","11":"sold-individually","12":"shipping-taxable","13":"product-type-simple"},"_links":{"self":[{"href":"https:\/\/alchimiaglass.ch\/en\/wp-json\/wp\/v2\/product\/1148","targetHints":{"allow":["GET"]}}],"collection":[{"href":"https:\/\/alchimiaglass.ch\/en\/wp-json\/wp\/v2\/product"}],"about":[{"href":"https:\/\/alchimiaglass.ch\/en\/wp-json\/wp\/v2\/types\/product"}],"wp:featuredmedia":[{"embeddable":true,"href":"https:\/\/alchimiaglass.ch\/en\/wp-json\/wp\/v2\/media\/1149"}],"wp:attachment":[{"href":"https:\/\/alchimiaglass.ch\/en\/wp-json\/wp\/v2\/media?parent=1148"}],"wp:term":[{"taxonomy":"product_brand","embeddable":true,"href":"https:\/\/alchimiaglass.ch\/en\/wp-json\/wp\/v2\/product_brand?post=1148"},{"taxonomy":"product_cat","embeddable":true,"href":"https:\/\/alchimiaglass.ch\/en\/wp-json\/wp\/v2\/product_cat?post=1148"},{"taxonomy":"product_tag","embeddable":true,"href":"https:\/\/alchimiaglass.ch\/en\/wp-json\/wp\/v2\/product_tag?post=1148"}],"curies":[{"name":"wp","href":"https:\/\/api.w.org\/{rel}","templated":true}]}}