{"id":1143,"date":"2024-06-09T08:27:25","date_gmt":"2024-06-09T06:27:25","guid":{"rendered":"https:\/\/alchimiaglass.ch\/?post_type=product&#038;p=1143"},"modified":"2024-06-23T09:23:57","modified_gmt":"2024-06-23T07:23:57","slug":"foret-de-preles","status":"publish","type":"product","link":"https:\/\/alchimiaglass.ch\/en\/product\/foret-de-preles\/","title":{"rendered":"Horsetail grove"},"content":{"rendered":"<p>A Gothic window dedicated to the horsetail, an ancient plant of our undergrowth.<\/p>\n<p><em>\u00ab\u00a0Ce sont des \u00e9tangs aux eaux dormantes o\u00f9 les pr\u00eales poussent en abondance, dressant leurs tiges fines et d\u00e9licates vers le ciel. Les pr\u00eales, ces plantes primitives, portent en elles le souvenir des temps anciens, quand les foug\u00e8res g\u00e9antes dominaient la terre. Leur pr\u00e9sence ajoute une touche de myst\u00e8re et de s\u00e9r\u00e9nit\u00e9 \u00e0 ces paysages aquatiques, o\u00f9 le temps semble suspendu et la nature respire en silence.\u00a0\u00bb<\/em><\/p>\n<p style=\"text-align: right;\">Extrait de \u00ab\u00a0La grande \u00e9tendue\u00a0\u00bb de Jean Giono (1875-1970)<\/p>\n<p>Dimensions: 17,5 x 22 cm<\/p>\n<p>Technique: antique glass, cabochons, grisaille painting, copper and tin setting.<\/p>","protected":false},"excerpt":{"rendered":"<p>Une fen\u00eatre gothique d\u00e9di\u00e9e \u00e0 la pr\u00eale, plante archa\u00efque de nos sous-bois. \u00ab\u00a0Ce sont des \u00e9tangs aux eaux dormantes o\u00f9 les pr\u00eales poussent en abondance, dressant leurs tiges fines et d\u00e9licates vers le ciel. Les pr\u00eales, ces plantes primitives, portent en elles le souvenir des temps anciens, quand les foug\u00e8res g\u00e9antes dominaient la terre. Leur&hellip; <a class=\"more-link\" href=\"https:\/\/alchimiaglass.ch\/en\/product\/foret-de-preles\/\">Continue reading <span class=\"screen-reader-text\">Horsetail grove<\/span><\/a><\/p>","protected":false},"featured_media":1147,"template":"","meta":[],"product_brand":[],"product_cat":[24],"product_tag":[],"class_list":{"0":"post-1143","1":"product","2":"type-product","3":"status-publish","4":"has-post-thumbnail","6":"product_cat-vitrail","7":"entry","9":"first","10":"outofstock","11":"sold-individually","12":"shipping-taxable","13":"product-type-simple"},"_links":{"self":[{"href":"https:\/\/alchimiaglass.ch\/en\/wp-json\/wp\/v2\/product\/1143","targetHints":{"allow":["GET"]}}],"collection":[{"href":"https:\/\/alchimiaglass.ch\/en\/wp-json\/wp\/v2\/product"}],"about":[{"href":"https:\/\/alchimiaglass.ch\/en\/wp-json\/wp\/v2\/types\/product"}],"wp:featuredmedia":[{"embeddable":true,"href":"https:\/\/alchimiaglass.ch\/en\/wp-json\/wp\/v2\/media\/1147"}],"wp:attachment":[{"href":"https:\/\/alchimiaglass.ch\/en\/wp-json\/wp\/v2\/media?parent=1143"}],"wp:term":[{"taxonomy":"product_brand","embeddable":true,"href":"https:\/\/alchimiaglass.ch\/en\/wp-json\/wp\/v2\/product_brand?post=1143"},{"taxonomy":"product_cat","embeddable":true,"href":"https:\/\/alchimiaglass.ch\/en\/wp-json\/wp\/v2\/product_cat?post=1143"},{"taxonomy":"product_tag","embeddable":true,"href":"https:\/\/alchimiaglass.ch\/en\/wp-json\/wp\/v2\/product_tag?post=1143"}],"curies":[{"name":"wp","href":"https:\/\/api.w.org\/{rel}","templated":true}]}}