{"id":6,"date":"2021-05-27T13:12:48","date_gmt":"2021-05-27T13:12:48","guid":{"rendered":"https:\/\/alchimiaglass.cryolog.in\/?page_id=6"},"modified":"2026-03-01T10:02:03","modified_gmt":"2026-03-01T08:02:03","slug":"about","status":"publish","type":"page","link":"https:\/\/alchimiaglass.ch\/en\/about\/","title":{"rendered":"About"},"content":{"rendered":"<div class=\"wp-block-group\"><div class=\"wp-block-group__inner-container is-layout-constrained wp-block-group-is-layout-constrained\"><\/div><\/div>\n\n\n\n<p>Alchimia Glass est un atelier de cr\u00e9ation consacr\u00e9 au verre, situ\u00e9 \u00e0 Marly et fond\u00e9 en 2020.<\/p>\n\n\n\n<p>Ce lieu artisanal est d\u00e9di\u00e9 \u00e0 l\u2019exploration du verre sous toutes ses formes, m\u00ealant techniques traditionnelles et vision contemporaine. Inspir\u00e9es par le monde v\u00e9g\u00e9tal, les pi\u00e8ces d\u2019Alchimia Glass prennent la forme d\u2019amulettes de verre, \u00e9clats lumineux parfois peints \u00e0 la main, porteuses d\u2019une po\u00e9sie color\u00e9e et vibrante. En h\u00e9riti\u00e8re du vitrail m\u00e9di\u00e9val, je travaille chaque pi\u00e8ce du dessin \u00e0 la coupe, pour r\u00e9v\u00e9ler la mati\u00e8re et laisser vibrer la lumi\u00e8re.<\/p>\n\n\n\n<p>Engag\u00e9e au sein du r\u00e9seau Verarte, le Forum des Arts Verriers Suisses, Alchimia Glass fait partie d\u2019une communaut\u00e9 d\u2019artisanes passionn\u00e9es et poursuit son travail d\u2019exp\u00e9rimentation dans son atelier de poche. Ses cr\u00e9ations ont notamment \u00e9t\u00e9 expos\u00e9es au Vitromus\u00e9e de Romont, au CAN (Centre d&rsquo;art) et \u00e0 la Galerie L&rsquo;Ateul \u00e0 Neuch\u00e2tel.<\/p>\n\n\n\n<p class=\"has-text-align-right\"><\/p>\n\n\n\n<p><\/p>","protected":false},"excerpt":{"rendered":"<p>Alchimia Glass est un atelier de cr\u00e9ation consacr\u00e9 au verre, situ\u00e9 \u00e0 Marly et fond\u00e9 en 2020. Ce lieu artisanal est d\u00e9di\u00e9 \u00e0 l\u2019exploration du verre sous toutes ses formes, m\u00ealant techniques traditionnelles et vision contemporaine. Inspir\u00e9es par le monde v\u00e9g\u00e9tal, les pi\u00e8ces d\u2019Alchimia Glass prennent la forme d\u2019amulettes de verre, \u00e9clats lumineux parfois peints&hellip; <a class=\"more-link\" href=\"https:\/\/alchimiaglass.ch\/en\/about\/\">Continue reading <span class=\"screen-reader-text\">About<\/span><\/a><\/p>","protected":false},"author":1,"featured_media":0,"parent":0,"menu_order":0,"comment_status":"closed","ping_status":"closed","template":"","meta":{"footnotes":""},"class_list":["post-6","page","type-page","status-publish","hentry","entry"],"_links":{"self":[{"href":"https:\/\/alchimiaglass.ch\/en\/wp-json\/wp\/v2\/pages\/6","targetHints":{"allow":["GET"]}}],"collection":[{"href":"https:\/\/alchimiaglass.ch\/en\/wp-json\/wp\/v2\/pages"}],"about":[{"href":"https:\/\/alchimiaglass.ch\/en\/wp-json\/wp\/v2\/types\/page"}],"author":[{"embeddable":true,"href":"https:\/\/alchimiaglass.ch\/en\/wp-json\/wp\/v2\/users\/1"}],"replies":[{"embeddable":true,"href":"https:\/\/alchimiaglass.ch\/en\/wp-json\/wp\/v2\/comments?post=6"}],"version-history":[{"count":31,"href":"https:\/\/alchimiaglass.ch\/en\/wp-json\/wp\/v2\/pages\/6\/revisions"}],"predecessor-version":[{"id":1412,"href":"https:\/\/alchimiaglass.ch\/en\/wp-json\/wp\/v2\/pages\/6\/revisions\/1412"}],"wp:attachment":[{"href":"https:\/\/alchimiaglass.ch\/en\/wp-json\/wp\/v2\/media?parent=6"}],"curies":[{"name":"wp","href":"https:\/\/api.w.org\/{rel}","templated":true}]}}